{"id":72,"date":"2013-01-17T10:22:22","date_gmt":"2013-01-17T10:22:22","guid":{"rendered":"http:\/\/basenji.ee\/?page_id=72"},"modified":"2024-11-18T20:18:42","modified_gmt":"2024-11-18T18:18:42","slug":"liikmed","status":"publish","type":"page","link":"https:\/\/basenji.ee\/?page_id=72","title":{"rendered":"T\u00f5u\u00fchingust"},"content":{"rendered":"<p>T\u00f5u \u00fcldise h\u00fcvangu nimel Eestis panustab basenji t\u00f5uhing aretuse koordineerimisse ja \u00fcldsuse teadlikkuse t\u00f5stmisse sellest erilisest t\u00f5ust. T\u00f5u\u00fchingusse kuuludes on Sul v\u00f5imalik suhelda teiste basenjiomanikega, kaasa r\u00e4\u00e4kida basenjit puudutavatel teemadel ja anda seel\u00e4bi oma panus t\u00f5u arengusse.<\/p>\n<p><strong>Samuti pakub t\u00f5u\u00fching oma liikmete mitmeid h\u00fcvesid:<\/strong><\/p>\n<ul>\n<li>EBT\u00dc poolt korraldatud \u00fcritustel (erin\u00e4itus, kutsikakool, n\u00e4itusetrenn, suvep\u00e4evad jne) osalemine soodsama hinnaga;<\/li>\n<li>osta EBT\u00dc meeneid\/tooteid (basenji kalender, helkur, rinnam\u00e4rk) soodsama hinnaga;<\/li>\n<li>v\u00f5imalus osaleda aasta parimate basenjide valimisel<\/li>\n<\/ul>\n<p>Eesti Basenji T\u00f5u\u00fching on 2012. aasta septemberis asutatud mittetulundus\u00fching, mis \u00fchendab basenjit\u00f5ugu koerte omanikke, kasvatajaid ja teisi basenjihuvilisi. T\u00f5u\u00fching\u00a0\u00a0on ka Eesti Kennelliidu liige ja juhindub oma tegevuses Eesti Kennelliidu koerakasvatuslikest headest tavadest ja p\u00f5him\u00f5tetest.\u00a0T\u00f5u\u00fchingu tegevuseks on koguda ja jagada huvilistele teadmisi basenji t\u00f5u kohta, abistatada basenjiomanikke kasvatus- ja aretusk\u00fcsimustes, ning korraldada erinevaid toredaid \u00fcritusi.<\/p>\n<p>27.06.2024 valiti uus juhatus kuhu kuuluvad Kerli Liivand (esimees), Dagmar Talmar (aseesimees), Triin Timmermann, Sofia M\u00e4nno ja Kadri Tusis.<\/p>\n","protected":false},"excerpt":{"rendered":"<p>T\u00f5u \u00fcldise h\u00fcvangu nimel Eestis panustab basenji t\u00f5uhing aretuse koordineerimisse ja \u00fcldsuse teadlikkuse t\u00f5stmisse sellest erilisest t\u00f5ust. T\u00f5u\u00fchingusse kuuludes on Sul v\u00f5imalik suhelda teiste basenjiomanikega, kaasa r\u00e4\u00e4kida basenjit puudutavatel teemadel ja anda seel\u00e4bi oma panus t\u00f5u arengusse. Samuti pakub t\u00f5u\u00fching &hellip; <a class=\"kt-excerpt-readmore\" href=\"https:\/\/basenji.ee\/?page_id=72\" aria-label=\"T\u00f5u\u00fchingust\">Read More<\/a><\/p>\n","protected":false},"author":1,"featured_media":0,"parent":53,"menu_order":1,"comment_status":"closed","ping_status":"open","template":"","meta":{"footnotes":""},"class_list":["post-72","page","type-page","status-publish","hentry"],"_links":{"self":[{"href":"https:\/\/basenji.ee\/index.php?rest_route=\/wp\/v2\/pages\/72","targetHints":{"allow":["GET"]}}],"collection":[{"href":"https:\/\/basenji.ee\/index.php?rest_route=\/wp\/v2\/pages"}],"about":[{"href":"https:\/\/basenji.ee\/index.php?rest_route=\/wp\/v2\/types\/page"}],"author":[{"embeddable":true,"href":"https:\/\/basenji.ee\/index.php?rest_route=\/wp\/v2\/users\/1"}],"replies":[{"embeddable":true,"href":"https:\/\/basenji.ee\/index.php?rest_route=%2Fwp%2Fv2%2Fcomments&post=72"}],"version-history":[{"count":5,"href":"https:\/\/basenji.ee\/index.php?rest_route=\/wp\/v2\/pages\/72\/revisions"}],"predecessor-version":[{"id":2945,"href":"https:\/\/basenji.ee\/index.php?rest_route=\/wp\/v2\/pages\/72\/revisions\/2945"}],"up":[{"embeddable":true,"href":"https:\/\/basenji.ee\/index.php?rest_route=\/wp\/v2\/pages\/53"}],"wp:attachment":[{"href":"https:\/\/basenji.ee\/index.php?rest_route=%2Fwp%2Fv2%2Fmedia&parent=72"}],"curies":[{"name":"wp","href":"https:\/\/api.w.org\/{rel}","templated":true}]}}