{"id":50,"date":"2013-01-17T10:11:51","date_gmt":"2013-01-17T10:11:51","guid":{"rendered":"http:\/\/basenji.ee\/?page_id=50"},"modified":"2024-11-18T20:22:18","modified_gmt":"2024-11-18T18:22:18","slug":"kontakt","status":"publish","type":"page","link":"https:\/\/basenji.ee\/?page_id=50","title":{"rendered":"Kontakt"},"content":{"rendered":"<p><strong>e-post: info@basenji.ee<\/strong><\/p>\n<p>&nbsp;<\/p>\n<p><strong>Kerli Liivand<\/strong>\u00a0esimees (est, eng, fin) &#8211; <span data-ft=\"{&quot;tn&quot;:&quot;K&quot;}\">tel: +372-5349 7664<\/span><\/p>\n<p><b>Dagmar Talmar<\/b> aseesimees (est, eng) &#8211; <span data-ft=\"{&quot;tn&quot;:&quot;K&quot;}\">tel: +372-5146267<\/span><\/p>\n<p>&nbsp;<\/p>\n<p><strong>Panga rekvisiidid:<\/strong><\/p>\n<p><span class=\"_5yl5\">EESTI BASENJI T\u00d5U\u00dcHING<\/span><\/p>\n<p><span class=\"_5yl5\">EBT\u00dc AADRESS: T\u00e4he 19 Rakvere 44314 Estonia<\/span><\/p>\n<p>PANK: <span class=\"_5yl5\"> AS SEB PANK<\/span><\/p>\n<p><span class=\"_5yl5\"> IBAN: EE961010220212091224\u00a0\u00a0 <\/span><\/p>\n<p><span class=\"_5yl5\">SWIFT\/BIC: EEUHEE2X <\/span><\/p>\n<p><span class=\"_5yl5\">PANGA AADRESS: Tornim\u00e4e 2, 15010 Tallinn, Estonia<\/span><\/p>\n<p>&nbsp;<\/p>\n<p><span id=\".reactRoot[9494653].[2]{comment471080772968851_471107262966202}.[1:0].[4:0:1].[3:1].[4:0:1].[1:1].[1:0].[1:0:2]\" data-ft=\"{&quot;tn&quot;:&quot;K&quot;}\"><span id=\".reactRoot[9494653].[2]{comment471080772968851_471107262966202}.[1:0].[4:0:1].[3:1].[4:0:1].[1:1].[1:0].[1:0:2].[2:0]\"><span id=\".reactRoot[9494653].[2]{comment471080772968851_471107262966202}.[1:0].[4:0:1].[3:1].[4:0:1].[1:1].[1:0].[1:0:2].[2:0].[3:0:0]\">\u00a0<\/span><\/span><\/span><\/p>\n<p>&nbsp;<\/p>\n<h1><\/h1>\n<p><span style=\"font-size: 14.0pt; font-family: 'Calibri','sans-serif'; mso-ascii-theme-font: minor-latin; mso-hansi-theme-font: minor-latin;\">\u00a0<\/span><\/p>\n","protected":false},"excerpt":{"rendered":"<p>e-post: info@basenji.ee &nbsp; Kerli Liivand\u00a0esimees (est, eng, fin) &#8211; tel: +372-5349 7664 Dagmar Talmar aseesimees (est, eng) &#8211; tel: +372-5146267 &nbsp; Panga rekvisiidid: EESTI BASENJI T\u00d5U\u00dcHING EBT\u00dc AADRESS: T\u00e4he 19 Rakvere 44314 Estonia PANK: AS SEB PANK IBAN: EE961010220212091224\u00a0\u00a0 SWIFT\/BIC: &hellip; <a class=\"kt-excerpt-readmore\" href=\"https:\/\/basenji.ee\/?page_id=50\" aria-label=\"Kontakt\">Read More<\/a><\/p>\n","protected":false},"author":1,"featured_media":0,"parent":0,"menu_order":6,"comment_status":"closed","ping_status":"open","template":"","meta":{"footnotes":""},"class_list":["post-50","page","type-page","status-publish","hentry"],"_links":{"self":[{"href":"https:\/\/basenji.ee\/index.php?rest_route=\/wp\/v2\/pages\/50","targetHints":{"allow":["GET"]}}],"collection":[{"href":"https:\/\/basenji.ee\/index.php?rest_route=\/wp\/v2\/pages"}],"about":[{"href":"https:\/\/basenji.ee\/index.php?rest_route=\/wp\/v2\/types\/page"}],"author":[{"embeddable":true,"href":"https:\/\/basenji.ee\/index.php?rest_route=\/wp\/v2\/users\/1"}],"replies":[{"embeddable":true,"href":"https:\/\/basenji.ee\/index.php?rest_route=%2Fwp%2Fv2%2Fcomments&post=50"}],"version-history":[{"count":5,"href":"https:\/\/basenji.ee\/index.php?rest_route=\/wp\/v2\/pages\/50\/revisions"}],"predecessor-version":[{"id":2947,"href":"https:\/\/basenji.ee\/index.php?rest_route=\/wp\/v2\/pages\/50\/revisions\/2947"}],"wp:attachment":[{"href":"https:\/\/basenji.ee\/index.php?rest_route=%2Fwp%2Fv2%2Fmedia&parent=50"}],"curies":[{"name":"wp","href":"https:\/\/api.w.org\/{rel}","templated":true}]}}