{"id":401,"date":"2013-02-07T10:53:06","date_gmt":"2013-02-07T10:53:06","guid":{"rendered":"http:\/\/basenji.ee\/?page_id=401"},"modified":"2016-03-19T19:10:24","modified_gmt":"2016-03-19T17:10:24","slug":"eesti-basenji-erinaitus-2013","status":"publish","type":"page","link":"https:\/\/basenji.ee\/?page_id=401","title":{"rendered":"Basenji erin\u00e4itus 2013"},"content":{"rendered":"<p><a href=\"http:\/\/online.kennelliit.ee\/show\/show.php?mode=full&amp;show=97&amp;lang=0\">2013. a. I Eesti basenji erin\u00e4ituse tulemused Eesti Kennelliidu andmebaasis<\/a><\/p>\n<p style=\"text-align: left;\">Pildil: Eesti basenji erin\u00e4itus 2013 &#8211; vasakul t\u00f5u parim (Libertas Laisves Vejas) ja paremal vastassugupoole parim (Rosne&#8217;s Retro Rimembranza). Keskel seisab kohtunik Sally Wallis (UK)<br \/>\n<img decoding=\"async\" src=\"http:\/\/basenji.ee\/wp-content\/uploads\/2013\/09\/bob-ja-bos-2013-1024x682.jpg\" alt=\"Basenji erin\u00e4itus 2013: t\u00f5u parim (Libertas Laisves Vejas) ja vastassugupoole parim (Rosne's Retro Rimembranza)\" \/><\/p>\n","protected":false},"excerpt":{"rendered":"<p>2013. a. I Eesti basenji erin\u00e4ituse tulemused Eesti Kennelliidu andmebaasis Pildil: Eesti basenji erin\u00e4itus 2013 &#8211; vasakul t\u00f5u parim (Libertas Laisves Vejas) ja paremal vastassugupoole parim (Rosne&#8217;s Retro Rimembranza). Keskel seisab kohtunik Sally Wallis (UK)<\/p>\n","protected":false},"author":1,"featured_media":0,"parent":53,"menu_order":0,"comment_status":"closed","ping_status":"open","template":"","meta":{"footnotes":""},"class_list":["post-401","page","type-page","status-publish","hentry"],"_links":{"self":[{"href":"https:\/\/basenji.ee\/index.php?rest_route=\/wp\/v2\/pages\/401","targetHints":{"allow":["GET"]}}],"collection":[{"href":"https:\/\/basenji.ee\/index.php?rest_route=\/wp\/v2\/pages"}],"about":[{"href":"https:\/\/basenji.ee\/index.php?rest_route=\/wp\/v2\/types\/page"}],"author":[{"embeddable":true,"href":"https:\/\/basenji.ee\/index.php?rest_route=\/wp\/v2\/users\/1"}],"replies":[{"embeddable":true,"href":"https:\/\/basenji.ee\/index.php?rest_route=%2Fwp%2Fv2%2Fcomments&post=401"}],"version-history":[{"count":5,"href":"https:\/\/basenji.ee\/index.php?rest_route=\/wp\/v2\/pages\/401\/revisions"}],"predecessor-version":[{"id":1298,"href":"https:\/\/basenji.ee\/index.php?rest_route=\/wp\/v2\/pages\/401\/revisions\/1298"}],"up":[{"embeddable":true,"href":"https:\/\/basenji.ee\/index.php?rest_route=\/wp\/v2\/pages\/53"}],"wp:attachment":[{"href":"https:\/\/basenji.ee\/index.php?rest_route=%2Fwp%2Fv2%2Fmedia&parent=401"}],"curies":[{"name":"wp","href":"https:\/\/api.w.org\/{rel}","templated":true}]}}