{"id":145,"date":"2013-01-23T09:51:33","date_gmt":"2013-01-23T09:51:33","guid":{"rendered":"http:\/\/basenji.ee\/?page_id=145"},"modified":"2019-01-07T12:39:18","modified_gmt":"2019-01-07T10:39:18","slug":"aretusnouded","status":"publish","type":"page","link":"https:\/\/basenji.ee\/?page_id=145","title":{"rendered":"Aretusn\u00f5uded"},"content":{"rendered":"<p>Projekt:\u00a0EBT\u00dc soovituslikud aretusn\u00f5uded<\/p>\n<p>EESTI BASENJI T\u00d5U\u00dcHING<\/p>\n<p>&nbsp;<\/p>\n<p>EBT\u00dc poolt v\u00e4lja t\u00f6\u00f6tatud basenjide soovituslikud aretuse erin\u00f5uded v\u00f5eti vastu 15.06.2015 EBT\u00dc \u00fcldkoosolekul<\/p>\n<p><strong><u>EBT\u00dc Basenji aretuse erin\u00f5uded:<\/u><\/strong><\/p>\n<p>&nbsp;<\/p>\n<ol>\n<li>Aretuses kasutatavad koerad peavad vastama FCI ja EKL\u00b4i aretusreeglite n\u00f5uetele ning Basenji FCI-Standardile nr 43\/24.01.2000\/D oma iseloomu ja v\u00e4limiku poolest ning peavad olema terved. S\u00e4ilitada tuleb terve iseloomuga sotsiaalne ja s\u00f5bralik basenji, argu ja agressiivseid koeri ei tohi aretuses kasutada.<\/li>\n<\/ol>\n<p>&nbsp;<\/p>\n<ol start=\"2\">\n<li>Basenjisid aretusse valides tuleb t\u00e4helepanu p\u00f6\u00f6rata koerte p\u00e4rilikule neeruhaigusele. Aretuses kasutatavatel basenjidel peab olema tehtud Fanconi test v\u00f5i omama OFFA t\u00f5endit <em>clear by parentage<\/em>. Aretuses kasutatava basenji Fanconi testi tulemus peab olema puhas (clear\/normal) v\u00f5i kandja (carrier). Fanconi testi tulemusega kandja (carrier) koera tohib aretuses kasutada ainult kombinatsioonis koeraga kelle testi tulemus on puhas (clear\/normal). Koera kelle Fanconi testi tulemus on haige (affected) ei tohi aretuses kasutada.<\/li>\n<\/ol>\n<p>&nbsp;<\/p>\n<ol start=\"3\">\n<li>Aretuses kasutatavatel basenjidel peab olema ametlik, kehtiv silmauuringu tulemus HC-, PRA- ja RD- vaba. PPM tulemustega koera tohib kasutada aretuses kui tema partneril ei ole diagnoositud silmades PPM-i. Koloboom diagnoosiga koera ei tohi kasutada aretuses. Ametlik silmauuringu tulemus ei tohi olla vanem kui 24 kuud ja uuringu teostamise hetkel peab koer olema v\u00e4hemalt 12 kuune. Aretustoimkonna eelneval eriloal v\u00f5ib olla \u00fcle 8 aastase isase koera silmauuringu tulemus vanem kui 24 kuud. Soovituslik on teha aretusse mineval koeral PRA-DNA test.<\/li>\n<\/ol>\n<p>&nbsp;<\/p>\n<ol start=\"4\">\n<li>Aretuses kasutatavatel emastel basenjidel peab olema tehtud ametlik kilpn\u00e4\u00e4rme uuring (T4, TSH, TgAA). Kilpn\u00e4\u00e4rme haiget v\u00f5i TgAA positiivse tulemusega koera ei tohi kasutada aretuseks. Ametlik kilpn\u00e4\u00e4rme uuringu tulemus ei tohi olla vanem kui 24 kuud ja uuringu teostamise hetkel peab koer olema v\u00e4hemalt 12 kuune. Aretuses kasutataval isasel koeral on soovituslik teha ametlik kilpn\u00e4\u00e4rme uuring.<\/li>\n<\/ol>\n<p>&nbsp;<\/p>\n<ol start=\"5\">\n<li>Koera ei tohi aretuses kasutada, kui tal on t\u00f5estatud epilepsia v\u00f5i m\u00f5ni muu p\u00e4riliku iseloomuga haigus. P\u00e4riliku haigust p\u00f5deva koera \u00f5desid ja vendasid ei ole soovitav aretuses kasutada, v.a. juhul kui neile on tehtud konkreetse haiguse suhtes uuring ja nad on tunnistatud terveteks.<\/li>\n<\/ol>\n<p>&nbsp;<\/p>\n<ol start=\"6\">\n<li>Vastavalt Eesti Kennelliidu T\u00f5uraamatum\u00e4\u00e4rusele tohib aretuses kasutada emaskoeri vanuses 18. elukuust kuni 9- aastaseks saamiseni. Isaskoeri v\u00f5ib aretuses kasutada alates 12. elukuust.<\/li>\n<\/ol>\n<p>&nbsp;<\/p>\n<ol start=\"7\">\n<li>Suguluspaaritus, kus vanemateks on: isa-t\u00fctar, ema- poeg, \u00f5de- vend on keelatud.<\/li>\n<\/ol>\n<p>&nbsp;<\/p>\n<ol start=\"8\">\n<li>Aretus\u00f5iguse saavad koerad, kellel on v\u00e4hemalt 2 ametlikku n\u00e4itusehinnet erinevatelt kohtunikelt.<\/li>\n<\/ol>\n<p>&nbsp;<\/p>\n<ol start=\"9\">\n<li>Aretusn\u00f5uded peavad olema t\u00e4idetud paaritushetkeks.<\/li>\n<\/ol>\n<p>&nbsp;<\/p>\n<ol start=\"10\">\n<li>T\u00f5u\u00fchingu aretustoimkonnal on \u00f5igus anda esitatud avalduse alusel eriluba punktides 3, 4 ja 9 seatud piirangute osas.<\/li>\n<\/ol>\n<p>&nbsp;<\/p>\n<p>EBT\u00dc aretusn\u00f5uded on kinnitatud \u00fchingu \u00fcldkoosolekul 15.06.2015.<\/p>\n","protected":false},"excerpt":{"rendered":"<p>Projekt:\u00a0EBT\u00dc soovituslikud aretusn\u00f5uded EESTI BASENJI T\u00d5U\u00dcHING &nbsp; EBT\u00dc poolt v\u00e4lja t\u00f6\u00f6tatud basenjide soovituslikud aretuse erin\u00f5uded v\u00f5eti vastu 15.06.2015 EBT\u00dc \u00fcldkoosolekul EBT\u00dc Basenji aretuse erin\u00f5uded: &nbsp; Aretuses kasutatavad koerad peavad vastama FCI ja EKL\u00b4i aretusreeglite n\u00f5uetele ning Basenji FCI-Standardile nr 43\/24.01.2000\/D &hellip; <a class=\"kt-excerpt-readmore\" href=\"https:\/\/basenji.ee\/?page_id=145\" aria-label=\"Aretusn\u00f5uded\">Read More<\/a><\/p>\n","protected":false},"author":1,"featured_media":0,"parent":57,"menu_order":0,"comment_status":"closed","ping_status":"open","template":"","meta":{"footnotes":""},"class_list":["post-145","page","type-page","status-publish","hentry"],"_links":{"self":[{"href":"https:\/\/basenji.ee\/index.php?rest_route=\/wp\/v2\/pages\/145","targetHints":{"allow":["GET"]}}],"collection":[{"href":"https:\/\/basenji.ee\/index.php?rest_route=\/wp\/v2\/pages"}],"about":[{"href":"https:\/\/basenji.ee\/index.php?rest_route=\/wp\/v2\/types\/page"}],"author":[{"embeddable":true,"href":"https:\/\/basenji.ee\/index.php?rest_route=\/wp\/v2\/users\/1"}],"replies":[{"embeddable":true,"href":"https:\/\/basenji.ee\/index.php?rest_route=%2Fwp%2Fv2%2Fcomments&post=145"}],"version-history":[{"count":5,"href":"https:\/\/basenji.ee\/index.php?rest_route=\/wp\/v2\/pages\/145\/revisions"}],"predecessor-version":[{"id":2609,"href":"https:\/\/basenji.ee\/index.php?rest_route=\/wp\/v2\/pages\/145\/revisions\/2609"}],"up":[{"embeddable":true,"href":"https:\/\/basenji.ee\/index.php?rest_route=\/wp\/v2\/pages\/57"}],"wp:attachment":[{"href":"https:\/\/basenji.ee\/index.php?rest_route=%2Fwp%2Fv2%2Fmedia&parent=145"}],"curies":[{"name":"wp","href":"https:\/\/api.w.org\/{rel}","templated":true}]}}