{"id":87,"date":"2013-01-17T13:58:38","date_gmt":"2013-01-17T13:58:38","guid":{"rendered":"http:\/\/basenji.ee\/?page_id=87"},"modified":"2016-03-19T19:13:40","modified_gmt":"2016-03-19T17:13:40","slug":"toustandard","status":"publish","type":"page","link":"http:\/\/basenji.ee\/?page_id=87","title":{"rendered":"T\u00f5ustandard"},"content":{"rendered":"<p><strong>BASENJI<\/strong><\/p>\n<p>P\u00c4RITOLU: Kesk-Aafrika.<br \/>\nEESTKOSTE : Suurbritannia.<br \/>\nKEHTIVA ORIGINAALSTANDARDI AVALDAMISE AEG: 25. 11. 1999.<br \/>\nKASUTUS: Jahikoer, seltsikoer.<br \/>\nFCI KLASSIFIKATSIOON: R\u00fchm 5<br \/>\nSpitsilaadsed ja algup\u00e4rased t\u00f5ud.<br \/>\nAlar\u00fchm 5.6 Algup\u00e4rased t\u00f5ud.<br \/>\nT\u00f6\u00f6katseteta.<\/p>\n<p>\u00dcLDMULJE:<br \/>\nKerge kehaehitusega, peeneluuline aristokraatliku ilmega koer, kerepikkusega v\u00f5rreldes k\u00f5rgejalgne, alati heatahtlik, t\u00e4helepanelik ja intelligentne. P\u00fcstiste k\u00f5rvadega ja rikkalikult kurdudega kaetud pea, mida uhkelt kannab h\u00e4sti kaardunud kael. S\u00fcgavale ulatuv rinnakuluu l\u00e4heb \u00fcle silmatorkavaks taljeks, saba on tihedalt keerdunud. See kokku annab pildi t\u00e4iuslike proportsioonidega gasellitaolise n\u00f5tkusega koerast.<\/p>\n<p>OLULISED PROPORTSIOONID:<br \/>\nVahemaa kuklak\u00fchmust laubal\u00f5ikeni on veidi pikem kui vahemaa laubal\u00f5ikest ninaotsani.<\/p>\n<p>K\u00c4ITUMINE \/ ISELOOM:<br \/>\nEi haugu, kuid ei ole ka tumm. Tema t\u00fc\u00fcpiliseks h\u00e4\u00e4leks on segu klunksuvast naerust ja joodeldusest. M\u00e4rkimisv\u00e4\u00e4rne on selle t\u00f5u igas m\u00f5ttes suur puhtusearmastus. Intelligentne, s\u00f5ltumatu, samas armastusv\u00e4\u00e4rne ja valvas t\u00f5ug. V\u00f5ib olla v\u00f5\u00f5raste suhtes reserveeritud k\u00e4itumisega.<\/p>\n<p>PEA:<br \/>\nKui k\u00f5rvad on p\u00fcsti suunatud, tekib laubale rikkalikult peeni nahakurde; soovitava v\u00e4\u00e4rtusega on ka k\u00fclgsuunas kurrutus, kuid see ei tohi mingil juhul \u00fcle kasvada kuni loti moodustumiseni. Kutsika-eas on nahavoldid tunduvalt m\u00e4rgatavamad, kuid kolmev\u00e4rvilistel kutsikatel j\u00e4\u00e4b see v\u00e4rvitoonide varjundierinevuse puudumise t\u00f5ttu v\u00e4hem silmapaistvaks.<\/p>\n<p>PEAPIIRKOND:<br \/>\nKolju : Lame, h\u00e4sti voolitud kujuga ja keskmise laiusega, nina suunas ahenev. Koljuosa k\u00fclgjooned ahenevad \u00fchetasaselt koonuni, mist\u00f5ttu tekib puhas p\u00f5sejoon. \u00dcleminek laubalt koonule : N\u00f5rgalt v\u00e4ljendunud.<\/p>\n<p>N\u00c4OPIIRKOND:<br \/>\nNinapeegel : Soovitavalt must.<br \/>\nL\u00f5uad \/ Hambad : Tugevad l\u00f5uad perfektsete, korrap\u00e4raste ja t\u00e4iskomplektsete hammastega<br \/>\nk\u00e4\u00e4ritaolises hambumuses, kusjuures \u00fclemised l\u00f5ikehambad katavad vahetult alumisi ja hambad v\u00e4ljuvad l\u00f5ualuust otse.<br \/>\nSilmad : Tumedad, mandlikujulised, viltuse asetusega ja kaugusesse suunatud. Ilme on \u00fcsna pinnaline.<br \/>\nK\u00f5rvad : V\u00e4ikesed, teravad, p\u00fcstised ja veidi kapuutsi kuju meenutavad, peene struktuuriga, asetsevad peas \u00fcsna kaugele ette ulatudes. K\u00f5rvatipud asuvad lauba keskkohale l\u00e4hemal kui k\u00f5rvat\u00fcve v\u00e4lisservad.<\/p>\n<p>KAEL:<br \/>\nTugev ja hea pikkusega, olemata siiski liiga j\u00e4me. Hea kujuga ning kurgualuse osas veidi t\u00e4idlasem, kuklajoon on elegantse kaarega toonitatud. H\u00e4sti \u00f5lgadele asetudes r\u00f5hutab uhket peahoiakut.<\/p>\n<p>KERE:<br \/>\nTasakaalustatud.<br \/>\nSelg : L\u00fchike, horisontaalne.<br \/>\nNimmepartii (lanne) : L\u00fchike.<br \/>\nRindkere : S\u00fcgavale ulatuv rinnakuluu. Roided on h\u00e4sti kaardunud, s\u00fcgavad ja ovaalsed.<br \/>\nAlajoon : \u00dclest\u00f5mmatud, moodustab r\u00f5hutatud taljeosa.<\/p>\n<p>SABA:<br \/>\nK\u00f5rge asetusega, kusjuures tuhara tagumine kaarduv osa ulatub sabat\u00fcvest tahapoole; see omalt poolt r\u00f5hutab \u00fcldmuljet tagav\u00f6\u00f6tme ulatumisest taha. Saba on l\u00fclisamba kohale h\u00e4sti tihedalt \u00fchekordsesse v\u00f5i topeltr\u00f5ngasse keerdunud ja toetub reiele.<\/p>\n<p>J\u00c4SEMED<br \/>\nESIJ\u00c4SEMED:<br \/>\nEsijalad on sirged ja peeneluulised. Maha toetudes moodustavad nad sirged jooned, seejuures eesosale keskmist laiust andes.<br \/>\n\u00d5lad : H\u00e4sti tahapoole suunatud, lihaselised, mitte \u00fclekoormatud.<br \/>\nK\u00fc\u00fcnarnukid : Rinnakorvile h\u00e4sti liibuvad. Eestvaates j\u00e4\u00e4vad k\u00fc\u00fcnarnukid roietega samale joonele.<br \/>\nK\u00fc\u00fcnarvarred : H\u00e4sti pikad.<br \/>\nK\u00e4mblad : Hea ehitusega, sirged ja liikuvad.<\/p>\n<p>TAGAJ\u00c4SEMED:<br \/>\nJ\u00f5ulised ja lihselised.<br \/>\nP\u00f5lveliigesed : Keskmiselt nurgitunud.<br \/>\nS\u00e4\u00e4red : Pikad.<br \/>\nKannaliigesed : Madala asetusega, mitte sisse- ega v\u00e4ljapoole p\u00f6\u00f6ratud.<br \/>\nK\u00c4PAD :<br \/>\nV\u00e4ikesed, kitsad ja kompaktsed tihkete padjanditega, h\u00e4sti nukilised varbad ja l\u00fchikesed k\u00fc\u00fcned.<\/p>\n<p>LIIKUMINE:<br \/>\nJalad peavad liikuma sirgelt ettesuunas n\u00f5tke, pika, v\u00e4simatu ja hoogsa sammuga.<\/p>\n<p>NAHK:<br \/>\nH\u00e4sti pehme.<\/p>\n<p>KARVKATE<br \/>\nKARV:<br \/>\nL\u00fchike, l\u00e4ikiv ja tihe, h\u00e4sti peenekoeline.<\/p>\n<p>V\u00c4RVUS:<br \/>\nPuhas must valgega; punane valgega; must, piirdev\u00e4rvus ja valge koos k\u00f5rbev\u00e4ri &#8220;meloniseemnetega&#8221; (v\u00e4ikesed v\u00e4rvim\u00e4rgised silmade kohal), k\u00f5rbev\u00e4rviga koonul ja p\u00f5skedel; must; k\u00f5rbev\u00e4rv valgega; v\u00f6\u00f6diline : mustad v\u00f6\u00f6did punasel taustal, mida selgemalt need piiritletud on, seda parem. Valget v\u00f5ib olla k\u00e4ppadel, rinnal ja sabatipus, peale selle on lubatud ka valge kaelav\u00f5ru.<\/p>\n<p>SUURUS ja KEHAKAAL:<br \/>\nIdeaalne suurus : Isased : 43 cm turjak\u00f5rgus,<br \/>\nEmased : 40 cm turjak\u00f5rgus.<br \/>\nIdeaalne kehakaal : Isased : 11 kg,<br \/>\nEmased : 9,5 kg.<\/p>\n<p>VEAD:<br \/>\nK\u00f5iki k\u00f5rvalekaldeid eeltoodust tuleb lugeda vigadeks, mille aste hindamisel s\u00f5ltub otseselt k\u00f5rvalekalde ulatusest ja selle m\u00f5just koera tervisele ning heaolule. Diskvalifitseerida tuleb k\u00f5ik koerad, kellel esineb olulisi f\u00fc\u00fcsilisi arenguh\u00e4ireid v\u00f5i k\u00e4itumish\u00e4lbeid.<\/p>\n<p>M\u00c4RKUS: Isastel peab olema kaks n\u00e4htavalt normaalselt arenenud ja t\u00e4ielikult munandikotti laskunud munandit.<\/p>\n<p><em>Maret K\u00e4rdi t\u00f5lge<\/em><br \/>\n<em> saksakeelsest originaalist, jaanuar 2005.<\/em><br \/>\n<em> heaks kiidetud EKL juhatuses 10.m\u00e4rtsil 2005 protokoll nr 3<\/em><\/p>\n","protected":false},"excerpt":{"rendered":"<p>BASENJI P\u00c4RITOLU: Kesk-Aafrika. EESTKOSTE : Suurbritannia. KEHTIVA ORIGINAALSTANDARDI AVALDAMISE AEG: 25. 11. 1999. KASUTUS: Jahikoer, seltsikoer. FCI KLASSIFIKATSIOON: R\u00fchm 5 Spitsilaadsed ja algup\u00e4rased t\u00f5ud. Alar\u00fchm 5.6 Algup\u00e4rased t\u00f5ud. T\u00f6\u00f6katseteta. \u00dcLDMULJE: Kerge kehaehitusega, peeneluuline aristokraatliku ilmega koer, kerepikkusega v\u00f5rreldes k\u00f5rgejalgne, alati &hellip; <a class=\"kt-excerpt-readmore\" href=\"http:\/\/basenji.ee\/?page_id=87\" aria-label=\"T\u00f5ustandard\">Read More<\/a><\/p>\n","protected":false},"author":1,"featured_media":0,"parent":55,"menu_order":3,"comment_status":"closed","ping_status":"open","template":"","meta":{"footnotes":""},"class_list":["post-87","page","type-page","status-publish","hentry"],"_links":{"self":[{"href":"http:\/\/basenji.ee\/index.php?rest_route=\/wp\/v2\/pages\/87","targetHints":{"allow":["GET"]}}],"collection":[{"href":"http:\/\/basenji.ee\/index.php?rest_route=\/wp\/v2\/pages"}],"about":[{"href":"http:\/\/basenji.ee\/index.php?rest_route=\/wp\/v2\/types\/page"}],"author":[{"embeddable":true,"href":"http:\/\/basenji.ee\/index.php?rest_route=\/wp\/v2\/users\/1"}],"replies":[{"embeddable":true,"href":"http:\/\/basenji.ee\/index.php?rest_route=%2Fwp%2Fv2%2Fcomments&post=87"}],"version-history":[{"count":4,"href":"http:\/\/basenji.ee\/index.php?rest_route=\/wp\/v2\/pages\/87\/revisions"}],"predecessor-version":[{"id":1302,"href":"http:\/\/basenji.ee\/index.php?rest_route=\/wp\/v2\/pages\/87\/revisions\/1302"}],"up":[{"embeddable":true,"href":"http:\/\/basenji.ee\/index.php?rest_route=\/wp\/v2\/pages\/55"}],"wp:attachment":[{"href":"http:\/\/basenji.ee\/index.php?rest_route=%2Fwp%2Fv2%2Fmedia&parent=87"}],"curies":[{"name":"wp","href":"https:\/\/api.w.org\/{rel}","templated":true}]}}