{"id":84,"date":"2013-01-17T13:57:38","date_gmt":"2013-01-17T13:57:38","guid":{"rendered":"http:\/\/basenji.ee\/?page_id=84"},"modified":"2016-03-19T19:11:55","modified_gmt":"2016-03-19T17:11:55","slug":"ajalugu","status":"publish","type":"page","link":"http:\/\/basenji.ee\/?page_id=84","title":{"rendered":"Ajalugu"},"content":{"rendered":"<p><strong>Basenji on t\u00f5en\u00e4oliselt \u00fcks k\u00f5ige vanemaid koerat\u00f5uge maailmas<\/strong>. See t\u00e4hendab, et selliste omadustega koer eraldus koerte \u00fchisest esivanemast juba v\u00e4ga ammu. Seda on t\u00f5endanud ka 21. sajandil tehtud geeniuuringud. Basenji p\u00e4rineb Kesk-Aafrikast, p\u00f5hiliselt Kongo piirkonnast, kuid nad on levinud v\u00e4hemal m\u00e4\u00e4ral ka mujal Aafrikas. Arvatakse, et tema eellasteks olnud hundid tulid sinna Hiinast v\u00f5i Kagu-Aasiast. Basenjisarnased koerad on inimestega elanud koos tuhandeid aastaid. Basenji moodi koeri on kujutatud juba ca\u2019 6000 &#8211; 4500 a. \u00a0e.m.a. kaljujoonistel ning 2700 a. e.m.a. Egiptuse vaaraode hauakambrites, kus nad istuvad peremehe jalgade ees \u00fcsna samasuguse olekuga nagu me t\u00e4nap\u00e4evalgi n\u00e4eme. Algselt kasutati selliseid koeri v\u00e4ikeloomade jahil. Koos Vana-Egiptuse kultuuri kadumisega kaob ka info nende koerte kohta. Arvatakse, et Kesk-Aafrikasse j\u00f5udsid nad kui s\u00f5jatrofeed &#8211; Egiptus kaotas s\u00f5ja Sudaaniga ning v\u00f5itja sai trofeena v\u00e4\u00e4rtuslikke asju: v\u00e4\u00e4rismetalle, koeri ja naisi.<br \/>\n<a href=\"http:\/\/basenji.ee\/wp-content\/uploads\/2014\/02\/basenji-bareljeefid-egiptuses.jpg\"><img loading=\"lazy\" decoding=\"async\" class=\" size-full wp-image-935 alignnone\" src=\"http:\/\/basenji.ee\/wp-content\/uploads\/2014\/02\/basenji-bareljeefid-egiptuses.jpg\" alt=\"basenji bareljeefid egiptuses\" width=\"1487\" height=\"843\" srcset=\"http:\/\/basenji.ee\/wp-content\/uploads\/2014\/02\/basenji-bareljeefid-egiptuses.jpg 1487w, http:\/\/basenji.ee\/wp-content\/uploads\/2014\/02\/basenji-bareljeefid-egiptuses-300x170.jpg 300w, http:\/\/basenji.ee\/wp-content\/uploads\/2014\/02\/basenji-bareljeefid-egiptuses-1024x580.jpg 1024w, http:\/\/basenji.ee\/wp-content\/uploads\/2014\/02\/basenji-bareljeefid-egiptuses-250x141.jpg 250w\" sizes=\"auto, (max-width: 1487px) 100vw, 1487px\" \/><\/a><\/p>\n<p>Aegajalt on r\u00e4ndurid selliseid koeri Aafrikas kirjeldanud &#8211; n\u00e4iteks 1862. aastal kirjeldas maadeuurija Merolla p\u00e4rismaalaste k\u00fclade juures\u00a0elavaid v\u00e4ikesi punakaid koeri.\u00a0\u00a0Euroopas kirjeldati basenjit esmakordselt 1895. aastal. Leiti, et nad on kohalike seas jahikoerana\u00a0 v\u00e4ga k\u00f5rges hinnas, kelle eest peremees hoolitses sama h\u00e4sti kui iseenda eest. Teda kirjeldati kui t\u00f5ugu, keda kohalikud (p\u00fcgmeed) hindasid tarkuse, kiiruse, julguse ja vaikneolemise p\u00e4rast. Koerad elasid suhteliselt iseseisva karjana k\u00fcla l\u00e4heduses ja osalesid jahil, ajades metsloomi k\u00fcttide v\u00f5rkudesse. Seega olid nad suhteliselt kaua aega vaid poolenisti kodustatud. Ka t\u00e4nap\u00e4eval v\u00e4ljendub nende hiline \u201etsiviliseerimine\u201c selles, et basenjidel nagu ka huntidel (ja veel \u00fcksikutel t\u00f5ugudel) on jooksuaeg vaid \u00fcks kord aastas, samuti puudub neil (nagu ka dingodel) koertele iseloomulik tugev kehal\u00f5hn. Ka basenji iseseisvus, ettevaatlikkus ja v\u00f5ime ise otsustada p\u00e4rineb ilmselt sellest perioodist. Arvatakse, et kohalikud \u201earetasid\u201c basenji nii heaks jahikoeraks sel meetodil, et kehvemad jahikoerad leidsid tee supipatta. V\u00f5imalik, et nii selekteerus v\u00e4lja ka basenjide v\u00f5imetus korralikult haukuda, sest haukumine v\u00f5is tuua vaenlased k\u00fcttide juurde. Selle \u201earetust\u00f6\u00f6\u201c tulemusena on basenji t\u00e4nap\u00e4eval v\u00e4ga tugeva jahiinstinktiga, suurep\u00e4rase l\u00f5hnatajuga, v\u00e4ga vilgas ja kiire.<\/p>\n<p>Olenevalt keeledialektist t\u00e4hendab basenji (nimi on kohalikust keelest kuulmise j\u00e4rgi transkribeeritud ja h\u00e4\u00e4ldub enamv\u00e4hem nagu basenzi) kas \u201ek\u00fclaelanike koera\u201c v\u00f5i \u201ev\u00e4ikest metsikut (p\u00f5\u00f5sa)koera\u201c. Aafrikas on koera kutsutud veel \u201e\u00fcles-alla h\u00fcppavaks koeraks\u201c, nii teeb basenji pika rohu sees. Sierra Leones kutsutakse basenjit &#8220;r\u00e4\u00e4kivaks koeraks&#8221;, sest basenji ei haugu ning nad on tuntud ka kui &#8220;n\u00f5iakoerad&#8221;, sest mida v\u00f5imsam oli n\u00f5id, seda rohkem tal oli basenjisid. T\u00e4nap\u00e4eval on Aafrikasse alles j\u00e4\u00e4nud v\u00e4he piisavalt eraldatud kohti, kust leida p\u00e4ris puhtat\u00f5ulist basenjit.<\/p>\n<p>Basenjisid, sel ajal nimetati neid Kongo terjeriteks, p\u00fc\u00fcti juba 1880ndatel Euroopasse tuua, kuid enamik suri teel v\u00f5i kohale j\u00f5udes koertekatku.\u00a0 On siiski andmeid, et 20. saj. alguses olid \u00fcksikud basenjid Pariisi loomaaias (ikka Kongo terjeri nime all) ja Berliini loomaaias (Aafrika p\u00f5\u00f5sakoera nime all). 1930ndatel \u00f5nnestus tuua piisav hulk koeri t\u00e4ie tervise juures olevana Inglismaale. Enamik t\u00e4nap\u00e4eva basenjisid p\u00e4rinevad neist v\u00e4hestest koertest, kes 1930ndatel aastatel siin ellu j\u00e4id. Esimene suur basenjide kasvataja, kellel samuti peale paljusid eba\u00f5nnestumisi \u00f5nnestus muuta t\u00f5ug stabiilseks, oli Olivia Burns. \u00a0T\u00f5ug aktsepteeriti ametlikult 1943. aastal. 1950ndatel aastatel \u00f5nnestus teisel aretajal Veronica Tudor-Williamsil tuua Aafrikast veel basenjisid ja kindlustada sellega t\u00f5ugu. Ka t\u00e4nap\u00e4eval tuuakse Kesk-Aafrikast t\u00f5u geneetilise baasi parandamiseks uusi basenjisid, kes on elanud \u00fcsna samasugust elu nagu nende kunagised esivanemad j\u00e4rneval pildil.<\/p>\n<p><img decoding=\"async\" class=\" aligncenter\" src=\"http:\/\/basenji.ee\/wp-content\/uploads\/2013\/02\/Kuoabo3.jpg\" alt=\"basenji aafrikas\" \/><br \/>\nPilt p\u00e4rineb Ameerika basenjiklubi lehelt http:\/\/www.basenji.org\/african\/project.htm, autoriks Chris Starace<\/p>\n<p><i>Koostanud Anu Aavik<\/i><\/p>\n<p><b><i>Kasutatud allikad:<\/i><\/b><\/p>\n<p><i>Basenji. <a href=\"http:\/\/en.wikipedia.org\/wiki\/Basenji\">http:\/\/en.wikipedia.org\/wiki\/Basenji<\/a><\/i><\/p>\n<p><i>The History of the Basenji. <a href=\"http:\/\/www.basenji.de\/englisch\/Egeschich\/geschi.htm\">http:\/\/www.basenji.de\/englisch\/Egeschich\/geschi.htm<\/a><\/i><\/p>\n<p><i>Origin and History of the Basenji. <a href=\"http:\/\/www.basenji.org\/BasenjiU\/Owner\/Handbook\/HandPDF\/IntroductionOG.pdf\">http:\/\/www.basenji.org\/BasenjiU\/Owner\/Handbook\/HandPDF\/IntroductionOG.pdf<\/a><\/i><\/p>\n<p><i>Basenji Origin and Migration: Through the African Treshold. <\/i><em><a href=\"http:\/\/www.dibubasenjis.com\/papers\/threshold.pdf\">http:\/\/www.dibubasenjis.com\/papers\/threshold.pdf<\/a><\/em><\/p>\n<p><em>103 Basenji Timeline. <a href=\"http:\/\/www.basenji.org\/BasenjiU\/Owner\/103History\/103History.html\">http:\/\/www.basenji.org\/BasenjiU\/Owner\/103History\/103History.html<\/a><\/em><\/p>\n<p><em>\u00a0<\/em><\/p>\n<p>&nbsp;<\/p>\n<p>&nbsp;<\/p>\n<p><i>\u00a0<\/i><\/p>\n","protected":false},"excerpt":{"rendered":"<p>Basenji on t\u00f5en\u00e4oliselt \u00fcks k\u00f5ige vanemaid koerat\u00f5uge maailmas. See t\u00e4hendab, et selliste omadustega koer eraldus koerte \u00fchisest esivanemast juba v\u00e4ga ammu. Seda on t\u00f5endanud ka 21. sajandil tehtud geeniuuringud. Basenji p\u00e4rineb Kesk-Aafrikast, p\u00f5hiliselt Kongo piirkonnast, kuid nad on levinud v\u00e4hemal &hellip; <a class=\"kt-excerpt-readmore\" href=\"http:\/\/basenji.ee\/?page_id=84\" aria-label=\"Ajalugu\">Read More<\/a><\/p>\n","protected":false},"author":1,"featured_media":0,"parent":55,"menu_order":1,"comment_status":"closed","ping_status":"open","template":"","meta":{"footnotes":""},"class_list":["post-84","page","type-page","status-publish","hentry"],"_links":{"self":[{"href":"http:\/\/basenji.ee\/index.php?rest_route=\/wp\/v2\/pages\/84","targetHints":{"allow":["GET"]}}],"collection":[{"href":"http:\/\/basenji.ee\/index.php?rest_route=\/wp\/v2\/pages"}],"about":[{"href":"http:\/\/basenji.ee\/index.php?rest_route=\/wp\/v2\/types\/page"}],"author":[{"embeddable":true,"href":"http:\/\/basenji.ee\/index.php?rest_route=\/wp\/v2\/users\/1"}],"replies":[{"embeddable":true,"href":"http:\/\/basenji.ee\/index.php?rest_route=%2Fwp%2Fv2%2Fcomments&post=84"}],"version-history":[{"count":5,"href":"http:\/\/basenji.ee\/index.php?rest_route=\/wp\/v2\/pages\/84\/revisions"}],"predecessor-version":[{"id":1205,"href":"http:\/\/basenji.ee\/index.php?rest_route=\/wp\/v2\/pages\/84\/revisions\/1205"}],"up":[{"embeddable":true,"href":"http:\/\/basenji.ee\/index.php?rest_route=\/wp\/v2\/pages\/55"}],"wp:attachment":[{"href":"http:\/\/basenji.ee\/index.php?rest_route=%2Fwp%2Fv2%2Fmedia&parent=84"}],"curies":[{"name":"wp","href":"https:\/\/api.w.org\/{rel}","templated":true}]}}