{"id":62,"date":"2013-01-17T10:18:51","date_gmt":"2013-01-17T10:18:51","guid":{"rendered":"http:\/\/basenji.ee\/?page_id=62"},"modified":"2016-03-20T15:41:58","modified_gmt":"2016-03-20T13:41:58","slug":"viidad-2","status":"publish","type":"page","link":"http:\/\/basenji.ee\/?page_id=62","title":{"rendered":"Viidad"},"content":{"rendered":"<p><a title=\"kennelliit\" href=\"http:\/\/www.kennelliit.ee\/\" target=\"_blank\">Eesti Kennelliit<\/a><\/p>\n<p><a href=\"http:\/\/www.fci.be\/Nomenclature\/Standards\/043g05-en.pdf\">FCI Basenji t\u00f5ustandart<\/a><br \/>\n<a title=\"USA t\u00f5ustandard\" href=\"http:\/\/www.basenji.org\/Basenji%20Standard\/IS-Website%2012-18-12.pdf\" target=\"_blank\">Ameerika Basenjiklubi illustreeritud t\u00f5ustandard<\/a> NB! Euroopas kehtib teine standard<\/p>\n<p style=\"text-align: left;\">\n<a title=\"basenjiforums\" href=\"http:\/\/www.basenjiforums.com\/\" target=\"_blank\">Inglisekeelne mahukas\u00a0 basenjiteemaline foorum<\/a><\/p>\n<p style=\"text-align: left;\"><a href=\"http:\/\/www.forum.basenji-salonga.ru\/\">Venekeelne basenji foorum<\/a><\/p>\n<p style=\"text-align: left;\">\n<a title=\"andmebaas\" href=\"http:\/\/www.pedigrees.zandebasenjis.com\/\" target=\"_blank\">P\u00f5hjalik basenjide andmebaas koos sugupuudega<\/a><br \/>\n<a title=\"n\u00e4itusele\" href=\"http:\/\/www.artus.planet.ee\/esimenen.htm\" target=\"_blank\">Esimest korda n\u00e4itusele<\/a> NB! Hindamiss\u00fcsteem on vahepeal pisut muutunud.<br \/>\n<a title=\"Soome basenji t\u00f5u\u00fching\" href=\"http:\/\/www.basenji.fi\" target=\"_blank\">Soome basenji t\u00f5u\u00fching<\/a><br \/>\n<a title=\"Rootsi basenji t\u00f5u\u00fching\" href=\"http:\/\/www.basenji.se\" target=\"_blank\">Rootsi basenji t\u00f5u\u00fching<\/a><br \/>\n<a href=\"http:\/\/www.zandebasenjis.com\/contents.htm\">Aafrikast toodud basenjide andmebaas<\/a><br \/>\n<a href=\"http:\/\/www.zandebasenjis.com\/contents.htm\">Zande Basenjis &#8211; palju huvitavat lugemist<\/a><br \/>\n<a title=\"artikkel\" href=\"http:\/\/roborant42.appspot.com\/show\/entry\/6017\" target=\"_blank\">Understanding the Basenji<\/a><\/p>\n","protected":false},"excerpt":{"rendered":"<p>Eesti Kennelliit FCI Basenji t\u00f5ustandart Ameerika Basenjiklubi illustreeritud t\u00f5ustandard NB! Euroopas kehtib teine standard Inglisekeelne mahukas\u00a0 basenjiteemaline foorum Venekeelne basenji foorum P\u00f5hjalik basenjide andmebaas koos sugupuudega Esimest korda n\u00e4itusele NB! Hindamiss\u00fcsteem on vahepeal pisut muutunud. Soome basenji t\u00f5u\u00fching Rootsi basenji &hellip; <a class=\"kt-excerpt-readmore\" href=\"http:\/\/basenji.ee\/?page_id=62\" aria-label=\"Viidad\">Read More<\/a><\/p>\n","protected":false},"author":1,"featured_media":0,"parent":0,"menu_order":7,"comment_status":"closed","ping_status":"open","template":"","meta":{"footnotes":""},"class_list":["post-62","page","type-page","status-publish","hentry"],"_links":{"self":[{"href":"http:\/\/basenji.ee\/index.php?rest_route=\/wp\/v2\/pages\/62","targetHints":{"allow":["GET"]}}],"collection":[{"href":"http:\/\/basenji.ee\/index.php?rest_route=\/wp\/v2\/pages"}],"about":[{"href":"http:\/\/basenji.ee\/index.php?rest_route=\/wp\/v2\/types\/page"}],"author":[{"embeddable":true,"href":"http:\/\/basenji.ee\/index.php?rest_route=\/wp\/v2\/users\/1"}],"replies":[{"embeddable":true,"href":"http:\/\/basenji.ee\/index.php?rest_route=%2Fwp%2Fv2%2Fcomments&post=62"}],"version-history":[{"count":5,"href":"http:\/\/basenji.ee\/index.php?rest_route=\/wp\/v2\/pages\/62\/revisions"}],"predecessor-version":[{"id":1414,"href":"http:\/\/basenji.ee\/index.php?rest_route=\/wp\/v2\/pages\/62\/revisions\/1414"}],"wp:attachment":[{"href":"http:\/\/basenji.ee\/index.php?rest_route=%2Fwp%2Fv2%2Fmedia&parent=62"}],"curies":[{"name":"wp","href":"https:\/\/api.w.org\/{rel}","templated":true}]}}