{"id":208,"date":"2013-01-26T17:34:45","date_gmt":"2013-01-26T17:34:45","guid":{"rendered":"http:\/\/basenji.ee\/?page_id=208"},"modified":"2016-03-19T19:07:41","modified_gmt":"2016-03-19T17:07:41","slug":"eesti-basenji-touuhingu-pohikiri","status":"publish","type":"page","link":"http:\/\/basenji.ee\/?page_id=208","title":{"rendered":"Eesti Basenji T\u00f5u\u00fchingu p\u00f5hikiri"},"content":{"rendered":"<p>MITTETULUNDUS\u00dcHING EESTI BASENJI T\u00d5U\u00dcHING<br \/>\nP\u00d5HIKIRI<br \/>\n1.\u00dcLDS\u00c4TTED<br \/>\n1.1 Mittetulundus\u00fching Eesti Basenji T\u00f5u\u00fching (edaspidi \u00dching), inglise keeles Estonian Basenji Club, on avalikes huvides tegutsev basenji t\u00f5ugu koerte kasvatajate, omanike ja t\u00f5uhuviliste isikute vabatahtlik organisatsioon, mille asukoht on Eesti Vabariik.<br \/>\n1.2 \u00dching juhindub oma tegevuses Eesti Vabariigi seadusandlusest, k\u00e4esolevast p\u00f5hikirjast, Eesti Kennelliidu ja Rahvusvahelise K\u00fcnoloogia F\u00f6deratsiooni (Federation Cynologique Internationale \u2013 F.C.I.) normatiivdokumentidest ning basenji t\u00f5ugu koeri puudutavatest eeskirjadest.<br \/>\n1.3 \u00dching on juriidiline isik, kes omab pangaarvet, \u00dchingu logo ja nime.<br \/>\n1.4 \u00dching omab \u00f5igust moodustada all\u00fcksuseid EV Mittetulundus\u00fchingute seaduses s\u00e4testatud korras.<br \/>\n1.5 \u00dching v\u00f5ib oma eesm\u00e4rkide saavutamiseks korraldada tulundus- ja heategevus\u00fcritusi Eesti Vabariigi seadustega lubatud piires.<br \/>\n1.6 \u00dching on asutatud t\u00e4htajatult.<br \/>\n1.7 \u00dchingu asukoht on T\u00e4he 19 Rakvere<br \/>\n2. EESM\u00c4RGID JA \u00dcLESANDED<br \/>\n2. \u00dchingu eesm\u00e4rgid ja \u00fclesanded on:<br \/>\n2.1 Basenjide aretuse juhendamine ja koordineerimine ning kontroll;<br \/>\n2.2 Basenjide aretajate, kasvatajate ning omanike ja t\u00f5uhuviliste isikute koondamine \u00fchtsesse organisatsiooni;<br \/>\n2.3 Basenjide aretajate ja huvitatud isikute esindamine Eesti Kennelliidus ja teistes esindamist n\u00f5udvates organisatsioonides;<br \/>\n2.4 Basenjide erin\u00e4ituste, r\u00fchman\u00e4ituste, rahvuslike- ja rahvusvaheliste koerten\u00e4ituste, aretuskontrollide, seminaride, kursuste ja muude p\u00f5hikirjas s\u00e4testatud eesm\u00e4rkide t\u00e4itmiseks vajalike \u00fcrituste korraldamine;<br \/>\n2.5 Eesti Kennelliidus arvamuse avaldamine basenjide t\u00f5ualastes k\u00fcsimustes;<br \/>\n2.6 T\u00f5ualase kirjanduse ja infomaterjalide v\u00e4ljaandmine ja levitamine;<br \/>\n2.7 Oma liikmete huvide kaitsmine Eestis ja v\u00e4lisriikides;<br \/>\n2.8 Eestis elavate basenjide kohta arvestuse pidamine ja vajalike andmete kogumine;<br \/>\n2.9 Basenji koertele, kasvatajatele, omanikele ja t\u00f5uhuvilitele isikutele koolituste korraldamine v\u00f5i organiseerimine;<br \/>\n2.10 Varjupaika sattunud, uut kodu vajavate v\u00f5i probleemsete basenjide abistamine;<br \/>\n2.11 Info kogumine ja aretusinfo vahetus maailma erinevate basenjide \u00fchingute- ja\/v\u00f5i \u00fchendustega;<br \/>\n2.12 Muude \u00fclesannete t\u00e4itmine, millised tulenevad k\u00e4esolevast p\u00f5hikirjast.<br \/>\n3. LIIKMESKOND<br \/>\n3.1 \u00dchingu liikmeks v\u00f5ib olla f\u00fc\u00fcsiline v\u00f5i juriidiline isik, kes kohustub j\u00e4rgima k\u00e4esolevat p\u00f5hikirja ja osalema ning kaasa aitama \u00fchingu eesm\u00e4rkide ja tegevusaladega seonduvate \u00fclesannete lahendamisel.<br \/>\n3.2 \u00dchingu liikmeks astumiseks tuleb esitada kirjalik avaldus ning tasuda liikmemaks. Liikmeks vastuv\u00f5tmise ja v\u00e4ljaarvamise otsustab \u00dchingu juhatus. Kui juhatus keeldub taotlejat liikmeks vastu v\u00f5tmast, v\u00f5ib taotleja n\u00f5uda, et tema liikmeks vastuv\u00f5tmise otsustaks \u00fcldkoosolek.<br \/>\n3.3 Liikmeks vastuv\u00f5tmisest v\u00f5ib keelduda juhul, kui liikmeks vastuv\u00f5tmine on vastuolus Eesti Vabariigi seadustes v\u00f5i k\u00e4esolevas p\u00f5hikirjas s\u00e4testatud tingimustega.<br \/>\n3.4 Sisseastumis- ja liikmemaksu suuruse ja tasumise tingimused otsustab \u00fcldkoosolek.<br \/>\n3.5 V\u00e4lisliikmeks saab olla Eestis mitteresideeruv f\u00fc\u00fcsiline isik, kes maksab liikmemaksu ning kohustub j\u00e4rgima \u00dchingu p\u00f5hikirja. V\u00e4lisliikmele ei kehti \u00fchingu aretusreeglid, kui ta ei tegele aretusega Eestis.<br \/>\n3.5.1 \u00dchingu v\u00e4lisliikmel ei ole \u00f5igust olla valitud \u00dchingu juhtorganitesse ja omada h\u00e4\u00e4le\u00f5igust ning \u00f5igust taotleda \u00fcldkoosolekult juhatuse otsuste kehtetuks tunnistamist, v\u00e4lja arvatud liikmelisuse taastamine.<br \/>\n3.6 \u00dchingu liikmel on \u00f5igus:<br \/>\n3.6.1 Osaleda k\u00f5igil \u00dchingu \u00fcritustel soodustingimustel;<br \/>\n3.6.2 V\u00f5tta h\u00e4\u00e4le\u00f5iguslikult osa \u00dchingu \u00fcldkoosolekutest v\u00f5i volitada kirjalikult enda esindamiseks \u00fcldkoosolekul m\u00f5nda teist \u00dchingu liiget. \u00dcks \u00dchingu liige saab volikirja alusel \u00fcldkoosolekul esindada kuni kahte (2) \u00dchingu liiget;<br \/>\n3.6.3 Juriidilise isikuna olla esindatud \u00fche volitatud esindaja ja \u00fche h\u00e4\u00e4lega \u00dchingu \u00fcldkoosolekul;<br \/>\n3.6.4 Olla valitud \u00dchingu juhtorganitesse;<br \/>\n3.6.5 Saada informatsiooni \u00dchingu tegevuse ja rahaliste vahendite kasutamise kohta ning tutvuda \u00dchingu dokumentidega;<br \/>\n3.6.6 Teha ettepanekuid \u00dchingu t\u00f6\u00f6 paremaks korraldamiseks;<br \/>\n3.6.7 V\u00e4lja astuda \u00dchingust kirjaliku avalduse alusel, kusjuures makstud sisseastumis- ja liikmemakse talle ei tagastata. Juhatus peab rahuldama liikme v\u00e4ljaasutumise avalduse 30 (kolmek\u00fcmne) kalendrip\u00e4eva jooksul ning teatama sellest v\u00e4ljaastunud liikmele 7 (seitsme) kalendrip\u00e4eva jooksul otsuse tegemise p\u00e4evast. V\u00e4ljaastuja on kohustatud likvideerima v\u00f5lgnevused \u00fchingu ees 14 (neljateistk\u00fcmne) kalendrip\u00e4eva jooksul alates v\u00e4ljaastumise avalduse esitamise kuup\u00e4evast;<br \/>\n3.6.8 Taotleda \u00fcldkoosolekult juhatuse otsuste kehtetuks tunnistamist.<br \/>\n3.7 \u00dchingu liige on kohustatud:<br \/>\n3.7.1 J\u00e4rgima \u00dchingu p\u00f5hikirja;<br \/>\n3.7.2 T\u00e4itma \u00dchingu \u00fcldkoosoleku ja juhatuse otsuseid. Kui otsuste t\u00e4itmine on takistatud, peab liige sellest esimesel v\u00f5imalusel juhatust informeerima;<br \/>\n3.7.3 Tasuma \u00f5igeaegselt liikmemaksu;<br \/>\n3.7.4 T\u00e4itma F.C.I. ja Eesti Kennelliidu normatiivakte ning basenjit t\u00f5una puudutavaid eeskirju;<br \/>\n3.7.5 Hoidma ja s\u00e4ilitama tema kasutuses olevat \u00dchingu vara;<br \/>\n3.8 Juhatus v\u00f5ib liikme \u00dchingust v\u00e4lja arvata, kui liige ei ole t\u00e4itnud p\u00f5hikirjast tulenevaid liikmekohustusi, v\u00f5i on kahjustanud \u00dchingut ja \u00dchingu mainet. \u00dchingust v\u00e4ljaarvatud liige v\u00f5ib \u00fcldkoosolekult taotleda juhatuse otsuse kehtetuks tunnistamist. Juhatuse liikme v\u00e4ljaarvamine \u00dchingust kuulub ainult \u00fcldkoosoleku p\u00e4devusse.<br \/>\n3.9 Liikmel, kes astub v\u00e4lja v\u00f5i arvatakse v\u00e4lja \u00dchingust, pole mingit \u00f5igust \u00dchingu varale.<br \/>\n4. JUHTIMINE<br \/>\n4.1\u00dchingu k\u00f5rgeim organ on vastavalt seadusele \u00dchingu \u00fcldkoosolek, millel v\u00f5ivad osaleda k\u00f5ik \u00dchingu liikmed ning mis koguneb Juhatuse kutsel v\u00e4hemalt \u00fcks kord aastas. Kutse \u00fcldkoosolekule saadetakse igale liikmele kirjalikult v\u00e4hemalt 14 (neliteist) kalendrip\u00e4eva enne selle toimumist.<br \/>\n4.2 Erakorralise koosoleku v\u00f5ib kokku kutsuda juhatuse algatusel v\u00f5i v\u00e4hemalt 1\/10 liikmete kirjalikul n\u00f5udmisel, kus on n\u00e4idatud koosoleku kokkukutsumise p\u00f5hjus. Erakorraline koosolek tuleb l\u00e4bi viia hiljemalt 31 (kolmek\u00fcmne \u00fche) kalendrip\u00e4eva m\u00f6\u00f6dumisel n\u00f5udmise esitamisest.<br \/>\n4.3 \u00dcldkoosolek on otsustusv\u00f5imeline s\u00f5ltumata osalevate liikmete arvust.<br \/>\n4.4 \u00dcldkoosoleku otsused v\u00f5etakse vastu lihth\u00e4\u00e4lteenamusega, kui seadus v\u00f5i k\u00e4esolev p\u00f5hikiri ei n\u00e4e ette teisiti.<br \/>\n4.5 \u00dcldkoosoleku otsused v\u00f5etakse \u00fcldjuhul vastu avalikul h\u00e4\u00e4letamisel, kui \u00fcldkoosolek ei otsusta teisiti.<br \/>\n4.6 \u00dcldkoosoleku p\u00e4devuses on:<br \/>\n4.6.1 T\u00e4ienduste ja muudatuste tegemine p\u00f5hikirjas ja basenjide aretuse erin\u00f5uetes, milledeks on vajalik \u00fcldkoosoleku otsus 2\/3 h\u00e4\u00e4lteenamusega. Vastav p\u00e4evakorra projekti punkt peab olema avaldatud \u00fcldkoosoleku kutsel;<br \/>\n4.6.2 \u00dchingu majandusaasta aruande ja tegevusplaanide kinnitamine;<br \/>\n4.6.3 Sisseastumis- ja liikmemaksude suuruse kinnitamine;<br \/>\n4.6.4 \u00dchingu juhatuse valimine;<br \/>\n4.6.5 \u00dchingu liikme taotlusel juhatuse otsuste kehtetuks tunnistamine<br \/>\n4.7 \u00dchingu tegevust juhib \u00fcldkoosolekute vahelisel perioodil \u00dchingu juhatus, mille p\u00e4devuses on:<br \/>\n4.7.1 \u00dchingu tegevuse juhtimine \u00fcldkoosolekute vahelistel perioodidel;<br \/>\n4.7.2 \u00dchingusse liikmete vastuv\u00f5tmine, v\u00e4ljaarvamine ja registri pidamine;<br \/>\n4.7.3 \u00dchingu raamatupidamise korraldamine, varade hoidmine ja kasutamine;<br \/>\n4.7.4 Liikmemaksude kogumine ja laekumiste j\u00e4lgimine;<br \/>\n4.7.5 Majandusaasta aruande koostamine ja esitamine \u00fcldkoosolekule;<br \/>\n4.7.6 \u00dcldkoosoleku kokkukutsumine ja koosoleku p\u00e4evakorra ettevalmistamine;<br \/>\n4.7.7 \u00dcldkoosolekul vastuv\u00f5etud otsuste elluviimine;<br \/>\n4.7.8 \u00dchingu esindamine, liikmete ja nende koerte huvide eest seismine ning lepingute s\u00f5lmimine;<br \/>\n4.7.9 Toimkondade ja t\u00f6\u00f6r\u00fchmade moodustamine ja neile volituste andmine;<br \/>\n4.7.10 P\u00f5hivahendite haldamine, k\u00e4ibevahendite seisu j\u00e4lgimine;<br \/>\n4.7.11 Muude k\u00fcsimuste lahendamine, mis ei kuulu \u00fcldkoosoleku ainup\u00e4devusse.<br \/>\n4.7.12 Juhatuse liikmed valitakse \u00fcldkoosolekul lihth\u00e4\u00e4lteenamusega isikuliselt \u00dchingu liikmete seast. Kui juhatuse liige soovib ise oma volitused l\u00f5petada ennet\u00e4htaegselt, peab ta esitama juhatusele sellekohase kirjaliku avalduse. Juhatuse liikme volitused loetakse l\u00f5ppenuks avalduse esitamise hetkest.<br \/>\n4.8 Juhatuse liikmeid v\u00f5ib tagasi kutsuda juhatuse ettepanekul v\u00f5i 1\/10 \u00dchingu liikmete kirjaliku sellekohase avalduse alusel.<br \/>\n4.9 Muudatused juhatuse liikmete nimekirjas kinnitab j\u00e4rgnev korraline v\u00f5i erakorraline \u00dchingu koosolek.<br \/>\n4.10 Juhatus valib enda hulgast esimehe ja aseesimehe. Juhatuse esimehe ja aseesimehe valimisel peavad osalema k\u00f5ik juhatuse liikmed.<br \/>\n4.11 \u00dchingut v\u00f5ivad k\u00f5igis \u00f5igustoimingutes esindada kaks (2) juhatuse liiget \u00fchiselt.<br \/>\n4.12 Juhatus tuleb kokku esimehe kutsel v\u00f5i kui kaks juhatuse liiget seda n\u00f5uavad.<br \/>\n4.13 Juhatus on otsustusv\u00f5imeline, kui kohal viibivad v\u00e4hemalt pooled selle liikmetest, nende hulgas kas juhatuse esimees v\u00f5i aseesimees. Juhatuse otsused v\u00f5etakse vastu lihth\u00e4\u00e4lteenamusega. H\u00e4\u00e4lte jagunemisel v\u00f5rdselt on otsustav juhatuse esimehe v\u00f5i tema puudumisel juhatuse aseesimehe h\u00e4\u00e4l.<br \/>\n4.14 \u00dchingu juhatus t\u00f6\u00f6tab \u00fchiskondlikel alustel.<br \/>\n4.15 \u00dchingu juhatus on kolme (3) kuni viie (5) liikmeline ja valitakse ametisse \u00fcheks (1) kuni kolmeks (3) aastaks.<br \/>\n4.16 Esimees juhatab \u00fcldkoosolekut ja juhatuse koosolekuid ning t\u00e4idab teisi talle seaduse, p\u00f5hikirja ja \u00fcldkoosoleku otsusega pandud \u00fclesandeid.<br \/>\n4.17 Esimehe ajutisel \u00e4raolekul v\u00f5i m\u00f5ne muu m\u00f6\u00f6duva takistuse puhul t\u00e4idab esimehe \u00fclesandeid aseesimees.<br \/>\n4.18 \u00dchingu organite liikmed t\u00e4idavad oma \u00fclesandeid \u00fcldjuhul tasuta. Vastavalt eelarvele v\u00f5ib \u00dchingu \u00fcldkoosolek otsustada h\u00fcvitada juhtimisorganite liikmetele konkreetesete \u00fclesannete t\u00e4itmisel tehtud kulutused v\u00f5i kinnitada neile t\u00f6\u00f6tasu.<br \/>\n5. RAHALISED VAHENDID JA MAJANDUSTEGEVUS<br \/>\n5.1 \u00dchingu finantsaastaks on kalendriaasta. Majandusaasta algab iga kalendriaasta 1. jaanuaril ja l\u00f5ppeb 31. detsembril.<br \/>\n5.2 \u00dching saab tulu:<br \/>\n5.2.1 Sisseastumis- ja liikmemaksudest;<br \/>\n5.2.2 \u00dcrituste ja koolituste korraldamisest;<br \/>\n5.2.3 Erialakirjanduse ja meenete m\u00fc\u00fcgist;<br \/>\n5.2.4 Sponsorite sihtlaekumistest;<br \/>\n5.2.5 Annetustest ja kingitustest;<br \/>\n5.2.6 Lepingulisest tegevusest oma p\u00f5hikirjaliste \u00fclesannete t\u00e4itmisel.<br \/>\n5.3 \u00dchingu raha kasutatakse:<br \/>\n5.3.1 Kohustuslike maksete ja eraldiste tegemiseks;<br \/>\n5.3.2 \u00dchingu materiaalsete kulutuste katteks p\u00f5hikirjaliste \u00fclesannete t\u00e4itmisel;<br \/>\n5.3.3 \u00dchingu rahalisi vahendeid kasutatakse v\u00e4hemalt kahe (2) juhatuse liikme korraldusel ning juhatuse n\u00f5usolekul.<br \/>\n6. \u00dcHINGU \u00dcHINEMINE, JAGUNEMINE JA TEGEVUSE L\u00d5PETAMINE<br \/>\n6.1 \u00dching l\u00f5petatakse vastavalt seaduses etten\u00e4htud korrale.<br \/>\n6.2 \u00dchingu tegevus l\u00f5petatakse \u00fcldkoosoleku otsusega, mille vastuv\u00f5tmiseks on vajalik \u00be h\u00e4\u00e4lteenamus.<br \/>\n6.3 \u00dchingu tegevus l\u00f5petatakse liikmete arvu v\u00e4henemisel alla kahe (2).<br \/>\n6.4 \u00dchingu \u00fchinemine ja jagunemine toimub seaduses s\u00e4testatud juhtudel ja korras.<br \/>\n6.5 \u00dchingu tegevuse l\u00f5petamise korral jagatakse \u00fchingu vara k\u00f5igi liikmete vahel v\u00f5rdselt.<br \/>\nP\u00f5hikirja k\u00e4esolev redaktsioon on kinnitatud 05. novembril 2011. aastal Eesti Basenjide T\u00f5u\u00fchingu asutamislepinguga.<br \/>\nAsutajaliikmete allkirjad &#8230;&#8230;&#8230;.. \/digitaalsed, ID-kaardiga ettev\u00f5tjaportaalis\/<\/p>\n","protected":false},"excerpt":{"rendered":"<p>MITTETULUNDUS\u00dcHING EESTI BASENJI T\u00d5U\u00dcHING P\u00d5HIKIRI 1.\u00dcLDS\u00c4TTED 1.1 Mittetulundus\u00fching Eesti Basenji T\u00f5u\u00fching (edaspidi \u00dching), inglise keeles Estonian Basenji Club, on avalikes huvides tegutsev basenji t\u00f5ugu koerte kasvatajate, omanike ja t\u00f5uhuviliste isikute vabatahtlik organisatsioon, mille asukoht on Eesti Vabariik. 1.2 \u00dching juhindub &hellip; <a class=\"kt-excerpt-readmore\" href=\"http:\/\/basenji.ee\/?page_id=208\" aria-label=\"Eesti Basenji T\u00f5u\u00fchingu p\u00f5hikiri\">Read More<\/a><\/p>\n","protected":false},"author":1,"featured_media":0,"parent":75,"menu_order":1,"comment_status":"closed","ping_status":"open","template":"","meta":{"footnotes":""},"class_list":["post-208","page","type-page","status-publish","hentry"],"_links":{"self":[{"href":"http:\/\/basenji.ee\/index.php?rest_route=\/wp\/v2\/pages\/208","targetHints":{"allow":["GET"]}}],"collection":[{"href":"http:\/\/basenji.ee\/index.php?rest_route=\/wp\/v2\/pages"}],"about":[{"href":"http:\/\/basenji.ee\/index.php?rest_route=\/wp\/v2\/types\/page"}],"author":[{"embeddable":true,"href":"http:\/\/basenji.ee\/index.php?rest_route=\/wp\/v2\/users\/1"}],"replies":[{"embeddable":true,"href":"http:\/\/basenji.ee\/index.php?rest_route=%2Fwp%2Fv2%2Fcomments&post=208"}],"version-history":[{"count":3,"href":"http:\/\/basenji.ee\/index.php?rest_route=\/wp\/v2\/pages\/208\/revisions"}],"predecessor-version":[{"id":211,"href":"http:\/\/basenji.ee\/index.php?rest_route=\/wp\/v2\/pages\/208\/revisions\/211"}],"up":[{"embeddable":true,"href":"http:\/\/basenji.ee\/index.php?rest_route=\/wp\/v2\/pages\/75"}],"wp:attachment":[{"href":"http:\/\/basenji.ee\/index.php?rest_route=%2Fwp%2Fv2%2Fmedia&parent=208"}],"curies":[{"name":"wp","href":"https:\/\/api.w.org\/{rel}","templated":true}]}}